{"id":15762,"date":"2018-05-11T20:01:33","date_gmt":"2018-05-11T18:01:33","guid":{"rendered":"https:\/\/www.maanrakennusforsstrom.fi\/?page_id=15762"},"modified":"2018-05-28T22:14:45","modified_gmt":"2018-05-28T20:14:45","slug":"imprint-2-2","status":"publish","type":"page","link":"https:\/\/www.maanrakennusforsstrom.fi\/?page_id=15762","title":{"rendered":"Tietosuoja"},"content":{"rendered":"<div class=\"wpb-content-wrapper\"><p>[vc_row row_type=&#8221;row&#8221; use_row_as_full_screen_section=&#8221;no&#8221; type=&#8221;full_width&#8221; angled_section=&#8221;no&#8221; text_align=&#8221;left&#8221; background_image_as_pattern=&#8221;without_pattern&#8221; css_animation=&#8221;&#8221;][vc_column][vc_empty_space height=&#8221;50px&#8221;][\/vc_column][\/vc_row][vc_row row_type=&#8221;row&#8221; use_row_as_full_screen_section=&#8221;no&#8221; type=&#8221;full_width&#8221; angled_section=&#8221;no&#8221; text_align=&#8221;left&#8221; background_image_as_pattern=&#8221;without_pattern&#8221; css_animation=&#8221;&#8221;][vc_column][vc_column_text]<\/p>\n<h2>TIETOSUOJASELOSTE<\/h2>\n<p>[\/vc_column_text][\/vc_column][\/vc_row][vc_row row_type=&#8221;row&#8221; use_row_as_full_screen_section=&#8221;no&#8221; type=&#8221;full_width&#8221; angled_section=&#8221;no&#8221; text_align=&#8221;left&#8221; background_image_as_pattern=&#8221;without_pattern&#8221; css_animation=&#8221;&#8221;][vc_column][vc_separator type=&#8221;small&#8221; position=&#8221;left&#8221; color=&#8221;#f2d44f&#8221; thickness=&#8221;6&#8243; width=&#8221;61&#8243; up=&#8221;21&#8243; down=&#8221;21&#8243;][\/vc_column][\/vc_row][vc_row row_type=&#8221;row&#8221; use_row_as_full_screen_section=&#8221;no&#8221; type=&#8221;full_width&#8221; angled_section=&#8221;no&#8221; text_align=&#8221;left&#8221; background_image_as_pattern=&#8221;without_pattern&#8221; css_animation=&#8221;&#8221;][vc_column][vc_column_text]<\/p>\n<p>Yrityksemme verkkosivut ovat kaikkien k\u00e4vij\u00f6iden k\u00e4ytett\u00e4viss\u00e4. Sivujen selaaminen ei edellyt\u00e4 rekister\u00f6inti\u00e4. Emme ker\u00e4\u00e4 sivujen k\u00e4vij\u00f6ist\u00e4 henkil\u00f6tietoja, joista yksitt\u00e4inen k\u00e4ytt\u00e4j\u00e4 voi tunnistaa.<\/p>\n<p>&nbsp;<\/p>\n<p><strong>Google Analytics<\/strong><\/p>\n<p>Verkkosivujen k\u00e4yt\u00f6st\u00e4 voidaan ker\u00e4t\u00e4 tietoja tilastoja varten, kuten esim. k\u00e4vij\u00e4m\u00e4\u00e4r\u00e4. Tilastollisen tiedon ker\u00e4\u00e4miseen on k\u00e4yt\u00f6ss\u00e4 Google Analytics. Google Analytics seuraa k\u00e4ytt\u00f6tietoja. Tiedot ovat t\u00e4ysin nimett\u00f6mi\u00e4, eik\u00e4 niiden avulla voi tunnistaa k\u00e4ytt\u00e4j\u00e4\u00e4 tai laitetta. Ne sis\u00e4lt\u00e4v\u00e4t vain tilastotietoja, joiden avulla voimme parantaa sivustomme toimivuutta. Googlen tietosuojak\u00e4yt\u00e4nt\u00f6 on luettavissa osoitteessa <a href=\"https:\/\/www.google.fi\/policies\/privacy\/\">https:\/\/www.google.fi\/policies\/privacy\/<\/a>.<\/p>\n<p>Ev\u00e4steiden avulla verkkosivun k\u00e4yt\u00f6st\u00e4 ker\u00e4tyt tiedot siirret\u00e4\u00e4n ja tallennetaan p\u00e4\u00e4s\u00e4\u00e4nt\u00f6isesti Googlen palvelimelle Yhdysvaltoihin. T\u00e4ll\u00e4 verkkosivulla on otettu k\u00e4ytt\u00f6\u00f6n IP-anonymisointi. Se tarkoittaa, ett\u00e4 Google lyhent\u00e4\u00e4 Euroopan unionin j\u00e4senmaissa tai muissa Euroopan talousalueen maissa asuvien k\u00e4ytt\u00e4jien IP-osoitteen ennen toimitusta Yhdysvaltoihin. Vain poikkeustapauksissa t\u00e4ydellinen IP-osoite siirret\u00e4\u00e4n Googlen palvelimille Yhdysvaltoihin ja lyhennet\u00e4\u00e4n siell\u00e4. Google Analyticsin selvitt\u00e4m\u00e4\u00e4 selaimesi IP-osoitetta ei yhdistet\u00e4 muihin Googlen tietoihin.<\/p>\n<p>Voit est\u00e4\u00e4 k\u00e4ytt\u00e4j\u00e4n tiedon ker\u00e4\u00e4misen verkkosivustollamme asettamalla selaimessasi \u201c\u00c4l\u00e4 seuraa\u201d (\u201dDo Not Track\u201d). Sivustomme ottaa huomioon \u201c\u00c4l\u00e4 seuraa\u201d -sanoman, jonka verkkoselaimesi l\u00e4hett\u00e4\u00e4 kaikille verkkosivustoille. Voit est\u00e4\u00e4 Google Analyticsin ker\u00e4\u00e4m\u00e4ll\u00e4 k\u00e4ytt\u00e4j\u00e4tietojasi kaikkiin sivustoihin lataamalla ja asentamalla lis\u00e4osan selaimeen osoitteessa <a href=\"https:\/\/tools.google.com\/dlpage\/gaoptout?hl=de\">https:\/\/tools.google.com\/dlpage\/gaoptout?hl=fi.<\/a> Voit est\u00e4\u00e4 Google Analyticsin k\u00e4ytt\u00e4j\u00e4tietojen ker\u00e4\u00e4misen t\u00e4ll\u00e4 verkkosivustolla napsauttamalla seuraavaa linkki\u00e4. Opt-out-ev\u00e4ste asetetaan est\u00e4m\u00e4\u00e4n tietosi ker\u00e4tyt tulevista vierailuista t\u00e4ll\u00e4 sivustolla: <a href=\"javascript:gaoo_handle_optout();\" id=\"gaoo-link\" class=\"gaoo-link-deactivate\">Est\u00e4 Google Analyticsia seuraamasta minua.<\/a>.<\/p>\n<p>&nbsp;<\/p>\n<p><strong>Ev\u00e4steet <\/strong><\/p>\n<p>T\u00e4m\u00e4 sivusto k\u00e4ytt\u00e4\u00e4 ev\u00e4steit\u00e4. Ev\u00e4ste (cookie) on pieni tekstitiedosto, jonka internetselain tallentaa k\u00e4ytt\u00e4j\u00e4n laitteelle. Ev\u00e4steet tekev\u00e4t sivustot k\u00e4ytt\u00e4j\u00e4yst\u00e4v\u00e4llisemmiksi ja tehokkaammiksi k\u00e4ytt\u00e4j\u00e4lle. Ev\u00e4steit\u00e4 k\u00e4ytet\u00e4\u00e4n esimerkiksi silloin, kun k\u00e4ytt\u00e4j\u00e4n tietoja halutaan s\u00e4ilytt\u00e4\u00e4 t\u00e4m\u00e4n siirtyess\u00e4 internetpalvelun sivulta toiselle. Ev\u00e4steiden k\u00e4ytt\u00f6 edellytt\u00e4\u00e4 aina k\u00e4ytt\u00e4j\u00e4n suostumuksen. Ev\u00e4ste voidaan tallentaa k\u00e4ytt\u00e4j\u00e4n laitteelle pysyv\u00e4sti (stored cookie) tai se voidaan poistaa palvelun k\u00e4yt\u00f6n j\u00e4lkeen. Ev\u00e4steiden avulla voidaan ker\u00e4t\u00e4 muun muassa seuraavia tietoja: k\u00e4ytt\u00e4j\u00e4n IP-osoite, kellonaika, k\u00e4ytetyt sivut, selaintyyppi, mist\u00e4 verkko-osoitteesta k\u00e4ytt\u00e4j\u00e4 on tullut kyseiselle verkkosivulle, milt\u00e4 palvelimelta k\u00e4ytt\u00e4j\u00e4 on tullut verkkosivulle, mist\u00e4 verkkotunnuksesta k\u00e4ytt\u00e4j\u00e4 on tullut verkkosivulle. Ev\u00e4steit\u00e4, jota k\u00e4yt\u00e4mme varmistaaksemme verkkosivustomme perustoiminnot, ovat<\/p>\n<ul>\n<li>CookieConsent: K\u00e4ytet\u00e4\u00e4n tallentamiseksi suostumuksen ev\u00e4steiden k\u00e4yt\u00f6st\u00e4.<\/li>\n<li>gaOptout: K\u00e4ytet\u00e4\u00e4n Google Analyticsin opt-outin tallentamiseen.<\/li>\n<li>Google Analytics (katso Google Analytics).<\/li>\n<\/ul>\n<p><strong>\u00a0<\/strong><\/p>\n<p><strong>Yhteydenottolomake<\/strong><\/p>\n<p>Yhteydenottolomakkeen kautta voi l\u00e4hett\u00e4\u00e4 yhteydenottopyynt\u00f6\u00e4, tiedusteluja ja palautetta. Jos k\u00e4vij\u00e4 haluaa, ett\u00e4 vastaamme viesteihin yms. tulee viesti sis\u00e4lt\u00e4\u00e4 l\u00e4hett\u00e4j\u00e4n yhteystietoja. Yhteydenottolomakkeen kautta l\u00e4hetetyt viestit tallentuvat palveluun.<\/p>\n<p>Viesti, jota l\u00e4hetet\u00e4\u00e4n s\u00e4hk\u00f6postin tai yhteydenottolomakkeen kautta ja sis\u00e4lt\u00e4\u00e4 henkil\u00f6tietoja, on huomioitavaa, ett\u00e4 tietoturva ei ole takautuva eik\u00e4 tietosuoja voida t\u00e4ll\u00f6in varmistaa.<\/p>\n<p><strong>\u00a0<\/strong>[\/vc_column_text][\/vc_column][\/vc_row]<\/p>\n<\/div>","protected":false},"excerpt":{"rendered":"<p>[vc_row row_type=&#8221;row&#8221; use_row_as_full_screen_section=&#8221;no&#8221; type=&#8221;full_width&#8221; angled_section=&#8221;no&#8221; text_align=&#8221;left&#8221; background_image_as_pattern=&#8221;without_pattern&#8221; css_animation=&#8221;&#8221;][vc_column][vc_empty_space height=&#8221;50px&#8221;][\/vc_column][\/vc_row][vc_row row_type=&#8221;row&#8221; use_row_as_full_screen_section=&#8221;no&#8221; type=&#8221;full_width&#8221; angled_section=&#8221;no&#8221; text_align=&#8221;left&#8221; background_image_as_pattern=&#8221;without_pattern&#8221; css_animation=&#8221;&#8221;][vc_column][vc_column_text] TIETOSUOJASELOSTE [\/vc_column_text][\/vc_column][\/vc_row][vc_row row_type=&#8221;row&#8221; use_row_as_full_screen_section=&#8221;no&#8221; type=&#8221;full_width&#8221; angled_section=&#8221;no&#8221; text_align=&#8221;left&#8221; background_image_as_pattern=&#8221;without_pattern&#8221; css_animation=&#8221;&#8221;][vc_column][vc_separator type=&#8221;small&#8221; position=&#8221;left&#8221; color=&#8221;#f2d44f&#8221; thickness=&#8221;6&#8243; width=&#8221;61&#8243; up=&#8221;21&#8243; down=&#8221;21&#8243;][\/vc_column][\/vc_row][vc_row row_type=&#8221;row&#8221; use_row_as_full_screen_section=&#8221;no&#8221; type=&#8221;full_width&#8221; angled_section=&#8221;no&#8221; text_align=&#8221;left&#8221; background_image_as_pattern=&#8221;without_pattern&#8221; css_animation=&#8221;&#8221;][vc_column][vc_column_text] Yrityksemme verkkosivut ovat kaikkien k\u00e4vij\u00f6iden k\u00e4ytett\u00e4viss\u00e4&#8230;.<\/p>\n","protected":false},"author":1,"featured_media":0,"parent":0,"menu_order":0,"comment_status":"closed","ping_status":"closed","template":"","meta":[],"yoast_head":"<!-- This site is optimized with the Yoast SEO plugin v17.1 - https:\/\/yoast.com\/wordpress\/plugins\/seo\/ -->\n<title>Tietosuoja - Oy Maanrakennus Forsstr\u00f6m Ab<\/title>\n<meta name=\"robots\" content=\"index, follow, max-snippet:-1, max-image-preview:large, max-video-preview:-1\" \/>\n<link rel=\"canonical\" href=\"https:\/\/www.maanrakennusforsstrom.fi\/?page_id=15762\" \/>\n<meta name=\"twitter:label1\" content=\"Est. reading time\" \/>\n\t<meta name=\"twitter:data1\" content=\"3 minutes\" \/>\n<script type=\"application\/ld+json\" class=\"yoast-schema-graph\">{\"@context\":\"https:\/\/schema.org\",\"@graph\":[{\"@type\":\"Organization\",\"@id\":\"https:\/\/www.maanrakennusforsstrom.fi\/#organization\",\"name\":\"Oy Maanrakennus Forsstr\\u00f6m Ab\",\"url\":\"https:\/\/www.maanrakennusforsstrom.fi\/\",\"sameAs\":[],\"logo\":{\"@type\":\"ImageObject\",\"@id\":\"https:\/\/www.maanrakennusforsstrom.fi\/#logo\",\"inLanguage\":\"en-US\",\"url\":\"https:\/\/www.maanrakennusforsstrom.fi\/wp-content\/uploads\/2016\/12\/mannrakenuus_forsstrom_logo_w250.png\",\"contentUrl\":\"https:\/\/www.maanrakennusforsstrom.fi\/wp-content\/uploads\/2016\/12\/mannrakenuus_forsstrom_logo_w250.png\",\"width\":250,\"height\":69,\"caption\":\"Oy Maanrakennus Forsstr\\u00f6m Ab\"},\"image\":{\"@id\":\"https:\/\/www.maanrakennusforsstrom.fi\/#logo\"}},{\"@type\":\"WebSite\",\"@id\":\"https:\/\/www.maanrakennusforsstrom.fi\/#website\",\"url\":\"https:\/\/www.maanrakennusforsstrom.fi\/\",\"name\":\"Oy Maanrakennus Forsstr\\u00f6m Ab\",\"description\":\"Kaivinkonety\\u00f6t, murskeen- ja maanajot, py\\u00f6r\\u00e4kuormaajaty\\u00f6t\",\"publisher\":{\"@id\":\"https:\/\/www.maanrakennusforsstrom.fi\/#organization\"},\"potentialAction\":[{\"@type\":\"SearchAction\",\"target\":{\"@type\":\"EntryPoint\",\"urlTemplate\":\"https:\/\/www.maanrakennusforsstrom.fi\/?s={search_term_string}\"},\"query-input\":\"required name=search_term_string\"}],\"inLanguage\":\"en-US\"},{\"@type\":\"WebPage\",\"@id\":\"https:\/\/www.maanrakennusforsstrom.fi\/?page_id=15762#webpage\",\"url\":\"https:\/\/www.maanrakennusforsstrom.fi\/?page_id=15762\",\"name\":\"Tietosuoja - Oy Maanrakennus Forsstr\\u00f6m Ab\",\"isPartOf\":{\"@id\":\"https:\/\/www.maanrakennusforsstrom.fi\/#website\"},\"datePublished\":\"2018-05-11T18:01:33+00:00\",\"dateModified\":\"2018-05-28T20:14:45+00:00\",\"breadcrumb\":{\"@id\":\"https:\/\/www.maanrakennusforsstrom.fi\/?page_id=15762#breadcrumb\"},\"inLanguage\":\"en-US\",\"potentialAction\":[{\"@type\":\"ReadAction\",\"target\":[\"https:\/\/www.maanrakennusforsstrom.fi\/?page_id=15762\"]}]},{\"@type\":\"BreadcrumbList\",\"@id\":\"https:\/\/www.maanrakennusforsstrom.fi\/?page_id=15762#breadcrumb\",\"itemListElement\":[{\"@type\":\"ListItem\",\"position\":1,\"name\":\"Home\",\"item\":\"https:\/\/www.maanrakennusforsstrom.fi\/\"},{\"@type\":\"ListItem\",\"position\":2,\"name\":\"Tietosuoja\"}]}]}<\/script>\n<!-- \/ Yoast SEO plugin. -->","yoast_head_json":{"title":"Tietosuoja - Oy Maanrakennus Forsstr\u00f6m Ab","robots":{"index":"index","follow":"follow","max-snippet":"max-snippet:-1","max-image-preview":"max-image-preview:large","max-video-preview":"max-video-preview:-1"},"canonical":"https:\/\/www.maanrakennusforsstrom.fi\/?page_id=15762","twitter_misc":{"Est. reading time":"3 minutes"},"schema":{"@context":"https:\/\/schema.org","@graph":[{"@type":"Organization","@id":"https:\/\/www.maanrakennusforsstrom.fi\/#organization","name":"Oy Maanrakennus Forsstr\u00f6m Ab","url":"https:\/\/www.maanrakennusforsstrom.fi\/","sameAs":[],"logo":{"@type":"ImageObject","@id":"https:\/\/www.maanrakennusforsstrom.fi\/#logo","inLanguage":"en-US","url":"https:\/\/www.maanrakennusforsstrom.fi\/wp-content\/uploads\/2016\/12\/mannrakenuus_forsstrom_logo_w250.png","contentUrl":"https:\/\/www.maanrakennusforsstrom.fi\/wp-content\/uploads\/2016\/12\/mannrakenuus_forsstrom_logo_w250.png","width":250,"height":69,"caption":"Oy Maanrakennus Forsstr\u00f6m Ab"},"image":{"@id":"https:\/\/www.maanrakennusforsstrom.fi\/#logo"}},{"@type":"WebSite","@id":"https:\/\/www.maanrakennusforsstrom.fi\/#website","url":"https:\/\/www.maanrakennusforsstrom.fi\/","name":"Oy Maanrakennus Forsstr\u00f6m Ab","description":"Kaivinkonety\u00f6t, murskeen- ja maanajot, py\u00f6r\u00e4kuormaajaty\u00f6t","publisher":{"@id":"https:\/\/www.maanrakennusforsstrom.fi\/#organization"},"potentialAction":[{"@type":"SearchAction","target":{"@type":"EntryPoint","urlTemplate":"https:\/\/www.maanrakennusforsstrom.fi\/?s={search_term_string}"},"query-input":"required name=search_term_string"}],"inLanguage":"en-US"},{"@type":"WebPage","@id":"https:\/\/www.maanrakennusforsstrom.fi\/?page_id=15762#webpage","url":"https:\/\/www.maanrakennusforsstrom.fi\/?page_id=15762","name":"Tietosuoja - Oy Maanrakennus Forsstr\u00f6m Ab","isPartOf":{"@id":"https:\/\/www.maanrakennusforsstrom.fi\/#website"},"datePublished":"2018-05-11T18:01:33+00:00","dateModified":"2018-05-28T20:14:45+00:00","breadcrumb":{"@id":"https:\/\/www.maanrakennusforsstrom.fi\/?page_id=15762#breadcrumb"},"inLanguage":"en-US","potentialAction":[{"@type":"ReadAction","target":["https:\/\/www.maanrakennusforsstrom.fi\/?page_id=15762"]}]},{"@type":"BreadcrumbList","@id":"https:\/\/www.maanrakennusforsstrom.fi\/?page_id=15762#breadcrumb","itemListElement":[{"@type":"ListItem","position":1,"name":"Home","item":"https:\/\/www.maanrakennusforsstrom.fi\/"},{"@type":"ListItem","position":2,"name":"Tietosuoja"}]}]}},"_links":{"self":[{"href":"https:\/\/www.maanrakennusforsstrom.fi\/index.php?rest_route=\/wp\/v2\/pages\/15762"}],"collection":[{"href":"https:\/\/www.maanrakennusforsstrom.fi\/index.php?rest_route=\/wp\/v2\/pages"}],"about":[{"href":"https:\/\/www.maanrakennusforsstrom.fi\/index.php?rest_route=\/wp\/v2\/types\/page"}],"author":[{"embeddable":true,"href":"https:\/\/www.maanrakennusforsstrom.fi\/index.php?rest_route=\/wp\/v2\/users\/1"}],"replies":[{"embeddable":true,"href":"https:\/\/www.maanrakennusforsstrom.fi\/index.php?rest_route=%2Fwp%2Fv2%2Fcomments&post=15762"}],"version-history":[{"count":16,"href":"https:\/\/www.maanrakennusforsstrom.fi\/index.php?rest_route=\/wp\/v2\/pages\/15762\/revisions"}],"predecessor-version":[{"id":15797,"href":"https:\/\/www.maanrakennusforsstrom.fi\/index.php?rest_route=\/wp\/v2\/pages\/15762\/revisions\/15797"}],"wp:attachment":[{"href":"https:\/\/www.maanrakennusforsstrom.fi\/index.php?rest_route=%2Fwp%2Fv2%2Fmedia&parent=15762"}],"curies":[{"name":"wp","href":"https:\/\/api.w.org\/{rel}","templated":true}]}}